{"id":6,"date":"2018-11-26T12:45:27","date_gmt":"2018-11-26T12:45:27","guid":{"rendered":"https:\/\/www.coatit.pt\/home\/"},"modified":"2025-07-25T14:08:54","modified_gmt":"2025-07-25T14:08:54","slug":"inicio","status":"publish","type":"page","link":"https:\/\/www.coatit.pt\/","title":{"rendered":"In\u00edcio"},"content":{"rendered":"\t\t<div data-elementor-type=\"wp-post\" data-elementor-id=\"6\" class=\"elementor elementor-6\">\n\t\t\t\t\t\t<section class=\"elementor-section elementor-top-section elementor-element elementor-element-93533e7 elementor-section-full_width elementor-section-height-default elementor-section-height-default\" data-id=\"93533e7\" data-element_type=\"section\" data-e-type=\"section\">\n\t\t\t\t\t\t<div class=\"elementor-container elementor-column-gap-default\">\n\t\t\t\t\t<div class=\"elementor-column elementor-col-100 elementor-top-column elementor-element elementor-element-dd44d68\" data-id=\"dd44d68\" data-element_type=\"column\" data-e-type=\"column\">\n\t\t\t<div class=\"elementor-widget-wrap elementor-element-populated\">\n\t\t\t\t\t\t<div class=\"elementor-element elementor-element-c9a9ff0 elementor-widget elementor-widget-spacer\" data-id=\"c9a9ff0\" data-element_type=\"widget\" data-e-type=\"widget\" data-widget_type=\"spacer.default\">\n\t\t\t\t<div class=\"elementor-widget-container\">\n\t\t\t\t\t\t\t<div class=\"elementor-spacer\">\n\t\t\t<div class=\"elementor-spacer-inner\"><\/div>\n\t\t<\/div>\n\t\t\t\t\t\t<\/div>\n\t\t\t\t<\/div>\n\t\t\t\t\t<\/div>\n\t\t<\/div>\n\t\t\t\t\t<\/div>\n\t\t<\/section>\n\t\t\t\t<section class=\"elementor-section elementor-top-section elementor-element elementor-element-c39ed80 elementor-section-height-min-height elementor-section-items-stretch elementor-section-boxed elementor-section-height-default\" data-id=\"c39ed80\" data-element_type=\"section\" data-e-type=\"section\">\n\t\t\t\t\t\t<div class=\"elementor-container elementor-column-gap-default\">\n\t\t\t\t\t<div class=\"elementor-column elementor-col-100 elementor-top-column elementor-element elementor-element-c98acba\" data-id=\"c98acba\" data-element_type=\"column\" data-e-type=\"column\">\n\t\t\t<div class=\"elementor-widget-wrap elementor-element-populated\">\n\t\t\t\t\t\t<div class=\"elementor-element elementor-element-90b3996 elementor-widget elementor-widget-image\" data-id=\"90b3996\" data-element_type=\"widget\" data-e-type=\"widget\" data-widget_type=\"image.default\">\n\t\t\t\t<div class=\"elementor-widget-container\">\n\t\t\t\t\t\t\t\t\t\t\t\t\t\t\t<img fetchpriority=\"high\" decoding=\"async\" width=\"1280\" height=\"853\" src=\"https:\/\/www.coatit.pt\/wp-content\/uploads\/2021\/10\/FUNDO_WEBSITE.png\" class=\"attachment-full size-full wp-image-756\" alt=\"\" srcset=\"https:\/\/www.coatit.pt\/wp-content\/uploads\/2021\/10\/FUNDO_WEBSITE.png 1280w, https:\/\/www.coatit.pt\/wp-content\/uploads\/2021\/10\/FUNDO_WEBSITE-300x200.png 300w, https:\/\/www.coatit.pt\/wp-content\/uploads\/2021\/10\/FUNDO_WEBSITE-1024x682.png 1024w, https:\/\/www.coatit.pt\/wp-content\/uploads\/2021\/10\/FUNDO_WEBSITE-768x512.png 768w\" sizes=\"(max-width: 1280px) 100vw, 1280px\" \/>\t\t\t\t\t\t\t\t\t\t\t\t\t\t\t<\/div>\n\t\t\t\t<\/div>\n\t\t\t\t\t<\/div>\n\t\t<\/div>\n\t\t\t\t\t<\/div>\n\t\t<\/section>\n\t\t\t\t<section class=\"elementor-section elementor-top-section elementor-element elementor-element-df49daf elementor-section-boxed elementor-section-height-default elementor-section-height-default\" data-id=\"df49daf\" data-element_type=\"section\" data-e-type=\"section\">\n\t\t\t\t\t\t<div class=\"elementor-container elementor-column-gap-default\">\n\t\t\t\t\t<div class=\"elementor-column elementor-col-100 elementor-top-column elementor-element elementor-element-9cad6d5\" data-id=\"9cad6d5\" data-element_type=\"column\" data-e-type=\"column\">\n\t\t\t<div class=\"elementor-widget-wrap elementor-element-populated\">\n\t\t\t\t\t\t<div class=\"elementor-element elementor-element-9bbc9d5 elementor-widget elementor-widget-text-editor\" data-id=\"9bbc9d5\" data-element_type=\"widget\" data-e-type=\"widget\" data-widget_type=\"text-editor.default\">\n\t\t\t\t<div class=\"elementor-widget-container\">\n\t\t\t\t\t\t\t\t\t<h5><strong>Sobre n\u00f3s<\/strong><\/h5>\t\t\t\t\t\t\t\t<\/div>\n\t\t\t\t<\/div>\n\t\t\t\t\t<\/div>\n\t\t<\/div>\n\t\t\t\t\t<\/div>\n\t\t<\/section>\n\t\t\t\t<section class=\"elementor-section elementor-top-section elementor-element elementor-element-f3a9b54 elementor-section-boxed elementor-section-height-default elementor-section-height-default\" data-id=\"f3a9b54\" data-element_type=\"section\" data-e-type=\"section\">\n\t\t\t\t\t\t<div class=\"elementor-container elementor-column-gap-default\">\n\t\t\t\t\t<div class=\"elementor-column elementor-col-100 elementor-top-column elementor-element elementor-element-3ce3e30\" data-id=\"3ce3e30\" data-element_type=\"column\" data-e-type=\"column\">\n\t\t\t<div class=\"elementor-widget-wrap elementor-element-populated\">\n\t\t\t\t\t\t<div class=\"elementor-element elementor-element-1dfba52 elementor-widget elementor-widget-text-editor\" data-id=\"1dfba52\" data-element_type=\"widget\" data-e-type=\"widget\" data-widget_type=\"text-editor.default\">\n\t\t\t\t<div class=\"elementor-widget-container\">\n\t\t\t\t\t\t\t\t\t<h5><span style=\"font-size: 16px; font-style: inherit; font-weight: inherit; color: #000000; font-family: 'Open Sans', sans-serif;\">A\u00a0<\/span><strong style=\"font-size: 16px; font-style: inherit; color: #000000; font-family: 'Open Sans', sans-serif;\" data-start=\"46\" data-end=\"56\">COATIT<\/strong><span style=\"font-size: 16px; font-style: inherit; font-weight: inherit; color: #000000; font-family: 'Open Sans', sans-serif;\">\u00a0\u00e9 uma empresa fundada em 2021\u00a0destacando-se pela inova\u00e7\u00e3o na \u00e1rea das superf\u00edcies inteligentes e funcionais atrav\u00e9s de revestimentos baseados em filmes finos. A sua atividade centra-se na otimiza\u00e7\u00e3o de processos e no desenvolvimento de compet\u00eancias avan\u00e7adas na caracteriza\u00e7\u00e3o de novos materiais, com aplica\u00e7\u00f5es tanto na prote\u00e7\u00e3o (revestimentos duros, aderentes e de resist\u00eancia qu\u00edmica) como no design decorativo e sensorial.<\/span><\/h5>\t\t\t\t\t\t\t\t<\/div>\n\t\t\t\t<\/div>\n\t\t\t\t\t<\/div>\n\t\t<\/div>\n\t\t\t\t\t<\/div>\n\t\t<\/section>\n\t\t\t\t<section class=\"elementor-section elementor-top-section elementor-element elementor-element-7873888 elementor-section-boxed elementor-section-height-default elementor-section-height-default\" data-id=\"7873888\" data-element_type=\"section\" data-e-type=\"section\">\n\t\t\t\t\t\t<div class=\"elementor-container elementor-column-gap-default\">\n\t\t\t\t\t<div class=\"elementor-column elementor-col-100 elementor-top-column elementor-element elementor-element-4fe5490\" data-id=\"4fe5490\" data-element_type=\"column\" data-e-type=\"column\">\n\t\t\t<div class=\"elementor-widget-wrap elementor-element-populated\">\n\t\t\t\t\t\t<div class=\"elementor-element elementor-element-5cc8cda elementor-widget elementor-widget-image\" data-id=\"5cc8cda\" data-element_type=\"widget\" data-e-type=\"widget\" data-widget_type=\"image.default\">\n\t\t\t\t<div class=\"elementor-widget-container\">\n\t\t\t\t\t\t\t\t\t\t\t\t\t\t\t<img decoding=\"async\" width=\"1024\" height=\"20\" src=\"https:\/\/www.coatit.pt\/wp-content\/uploads\/2025\/03\/barra-1024x20.png\" class=\"attachment-large size-large wp-image-1612\" alt=\"\" srcset=\"https:\/\/www.coatit.pt\/wp-content\/uploads\/2025\/03\/barra-1024x20.png 1024w, https:\/\/www.coatit.pt\/wp-content\/uploads\/2025\/03\/barra-300x6.png 300w, https:\/\/www.coatit.pt\/wp-content\/uploads\/2025\/03\/barra-768x15.png 768w, https:\/\/www.coatit.pt\/wp-content\/uploads\/2025\/03\/barra.png 1428w\" sizes=\"(max-width: 1024px) 100vw, 1024px\" \/>\t\t\t\t\t\t\t\t\t\t\t\t\t\t\t<\/div>\n\t\t\t\t<\/div>\n\t\t\t\t\t<\/div>\n\t\t<\/div>\n\t\t\t\t\t<\/div>\n\t\t<\/section>\n\t\t\t\t<section class=\"elementor-section elementor-top-section elementor-element elementor-element-0582caa elementor-section-boxed elementor-section-height-default elementor-section-height-default\" data-id=\"0582caa\" data-element_type=\"section\" data-e-type=\"section\">\n\t\t\t\t\t\t<div class=\"elementor-container elementor-column-gap-default\">\n\t\t\t\t\t<div class=\"elementor-column elementor-col-100 elementor-top-column elementor-element elementor-element-871d9e2\" data-id=\"871d9e2\" data-element_type=\"column\" data-e-type=\"column\">\n\t\t\t<div class=\"elementor-widget-wrap elementor-element-populated\">\n\t\t\t\t\t\t<div class=\"elementor-element elementor-element-f2c442e elementor-widget elementor-widget-text-editor\" data-id=\"f2c442e\" data-element_type=\"widget\" data-e-type=\"widget\" data-widget_type=\"text-editor.default\">\n\t\t\t\t<div class=\"elementor-widget-container\">\n\t\t\t\t\t\t\t\t\t<h5 data-start=\"132\" data-end=\"204\"><span style=\"color: #967800;\"><em><strong>Inova\u00e7\u00e3o Sustent\u00e1vel em Engenharia de Superf\u00edcies<\/strong><\/em><\/span><\/h5>\t\t\t\t\t\t\t\t<\/div>\n\t\t\t\t<\/div>\n\t\t\t\t\t<\/div>\n\t\t<\/div>\n\t\t\t\t\t<\/div>\n\t\t<\/section>\n\t\t\t\t<section class=\"elementor-section elementor-top-section elementor-element elementor-element-cf42a68 elementor-section-boxed elementor-section-height-default elementor-section-height-default\" data-id=\"cf42a68\" data-element_type=\"section\" data-e-type=\"section\">\n\t\t\t\t\t\t<div class=\"elementor-container elementor-column-gap-default\">\n\t\t\t\t\t<div class=\"elementor-column elementor-col-100 elementor-top-column elementor-element elementor-element-2d86284\" data-id=\"2d86284\" data-element_type=\"column\" data-e-type=\"column\">\n\t\t\t<div class=\"elementor-widget-wrap elementor-element-populated\">\n\t\t\t\t\t\t<div class=\"elementor-element elementor-element-e62e14e elementor-widget__width-initial elementor-widget elementor-widget-text-editor\" data-id=\"e62e14e\" data-element_type=\"widget\" data-e-type=\"widget\" data-widget_type=\"text-editor.default\">\n\t\t\t\t<div class=\"elementor-widget-container\">\n\t\t\t\t\t\t\t\t\t<p data-start=\"206\" data-end=\"563\">O PVD (Physical Vapor Deposition) \u00e9 uma tecnologia de metaliza\u00e7\u00e3o a v\u00e1cuo ecologicamente respons\u00e1vel, que se destaca frente aos m\u00e9todos tradicionais de revestimento decorativo. Este processo oferece vantagens incompar\u00e1veis em termos de cor, textura, precis\u00e3o e funcionalidade, permitindo acabamentos visualmente sofisticados com desempenho t\u00e9cnico superior.<\/p><p data-start=\"206\" data-end=\"563\">Na <strong>COATIT<\/strong>, disponibilizamos uma ampla variedade de acabamentos de cor, recorrendo a materiais de qualidade certificada. Os revestimentos resultantes apresentam elevada tenacidade e dureza, al\u00e9m de um baixo coeficiente de atrito \u2014 caracter\u00edsticas ideais para aplica\u00e7\u00f5es exigentes onde a durabilidade e a performance s\u00e3o fundamentais.<\/p><p data-start=\"934\" data-end=\"994\">A nossa abordagem assenta numa estrat\u00e9gia clara de inova\u00e7\u00e3o:<\/p><ul data-start=\"996\" data-end=\"1720\"><li data-start=\"996\" data-end=\"1231\"><p data-start=\"998\" data-end=\"1231\"><strong data-start=\"998\" data-end=\"1063\">Desenvolvemos solu\u00e7\u00f5es avan\u00e7adas de engenharia de superf\u00edcies<\/strong>, concebendo tratamentos e revestimentos de excel\u00eancia que aumentam o desempenho de produtos e processos industriais, promovendo simultaneamente a sua sustentabilidade.<\/p><\/li><li data-start=\"1235\" data-end=\"1463\"><p data-start=\"1237\" data-end=\"1463\"><strong data-start=\"1237\" data-end=\"1277\">Investimos continuamente em inova\u00e7\u00e3o<\/strong>, aprofundando o conhecimento sobre as propriedades dos materiais e a parametriza\u00e7\u00e3o dos processos, alinhando cada solu\u00e7\u00e3o \u00e0s necessidades e expectativas espec\u00edficas dos nossos clientes.<\/p><\/li><li data-start=\"1467\" data-end=\"1720\"><p data-start=\"1469\" data-end=\"1720\"><strong data-start=\"1469\" data-end=\"1538\">Usamos a inova\u00e7\u00e3o como ferramenta de comunica\u00e7\u00e3o e posicionamento<\/strong>, refor\u00e7ando a confian\u00e7a do mercado nas nossas solu\u00e7\u00f5es e consolidando a nossa posi\u00e7\u00e3o como refer\u00eancia no desenvolvimento e aplica\u00e7\u00e3o de tratamentos de superf\u00edcie de alto desempenho.<\/p><\/li><\/ul><p data-start=\"1722\" data-end=\"1856\">\u00a0<\/p>\t\t\t\t\t\t\t\t<\/div>\n\t\t\t\t<\/div>\n\t\t\t\t\t<\/div>\n\t\t<\/div>\n\t\t\t\t\t<\/div>\n\t\t<\/section>\n\t\t\t\t<section class=\"elementor-section elementor-top-section elementor-element elementor-element-51493d8 elementor-section-boxed elementor-section-height-default elementor-section-height-default\" data-id=\"51493d8\" data-element_type=\"section\" data-e-type=\"section\">\n\t\t\t\t\t\t<div class=\"elementor-container elementor-column-gap-default\">\n\t\t\t\t\t<div class=\"elementor-column elementor-col-100 elementor-top-column elementor-element elementor-element-daefc94\" data-id=\"daefc94\" data-element_type=\"column\" data-e-type=\"column\">\n\t\t\t<div class=\"elementor-widget-wrap elementor-element-populated\">\n\t\t\t\t\t\t<div class=\"elementor-element elementor-element-4a18d47 elementor-widget elementor-widget-text-editor\" data-id=\"4a18d47\" data-element_type=\"widget\" data-e-type=\"widget\" data-widget_type=\"text-editor.default\">\n\t\t\t\t<div class=\"elementor-widget-container\">\n\t\t\t\t\t\t\t\t\t<p>Acreditamos que a inova\u00e7\u00e3o \u00e9 o caminho para criar valor, diferenciar produtos e construir um futuro mais sustent\u00e1vel para a ind\u00fastria.<\/p>\t\t\t\t\t\t\t\t<\/div>\n\t\t\t\t<\/div>\n\t\t\t\t\t<\/div>\n\t\t<\/div>\n\t\t\t\t\t<\/div>\n\t\t<\/section>\n\t\t\t\t<\/div>\n\t\t","protected":false},"excerpt":{"rendered":"<p>Sobre n\u00f3s A\u00a0COATIT\u00a0\u00e9 uma empresa fundada em 2021\u00a0destacando-se pela inova\u00e7\u00e3o na \u00e1rea das superf\u00edcies inteligentes e funcionais atrav\u00e9s de revestimentos baseados em filmes finos. A sua atividade centra-se na otimiza\u00e7\u00e3o de processos e no desenvolvimento de compet\u00eancias avan\u00e7adas na caracteriza\u00e7\u00e3o de novos materiais, com aplica\u00e7\u00f5es tanto na prote\u00e7\u00e3o (revestimentos duros, aderentes e de resist\u00eancia qu\u00edmica) [&hellip;]<\/p>\n<div class=\"pvc_clear\"><\/div>\n<p id=\"pvc_stats_6\" class=\"pvc_stats total_only  \" data-element-id=\"6\" style=\"\"><i class=\"pvc-stats-icon small\" aria-hidden=\"true\"><svg xmlns=\"http:\/\/www.w3.org\/2000\/svg\" version=\"1.0\" viewBox=\"0 0 502 315\" preserveAspectRatio=\"xMidYMid meet\"><g transform=\"translate(0,332) scale(0.1,-0.1)\" fill=\"\" stroke=\"none\"><path d=\"M2394 3279 l-29 -30 -3 -207 c-2 -182 0 -211 15 -242 39 -76 157 -76 196 0 15 31 17 60 15 243 l-3 209 -33 29 c-26 23 -41 29 -80 29 -41 0 -53 -5 -78 -31z\"\/><path d=\"M3085 3251 c-45 -19 -58 -50 -96 -229 -47 -217 -49 -260 -13 -295 52 -53 146 -42 177 20 16 31 87 366 87 410 0 70 -86 122 -155 94z\"\/><path d=\"M1751 3234 c-13 -9 -29 -31 -37 -50 -12 -29 -10 -49 21 -204 19 -94 39 -189 45 -210 14 -50 54 -80 110 -80 34 0 48 6 76 34 21 21 34 44 34 59 0 14 -18 113 -40 219 -37 178 -43 195 -70 221 -36 32 -101 37 -139 11z\"\/><path d=\"M1163 3073 c-36 -7 -73 -59 -73 -102 0 -56 133 -378 171 -413 34 -32 83 -37 129 -13 70 36 67 87 -16 290 -86 209 -89 214 -129 231 -35 14 -42 15 -82 7z\"\/><path d=\"M3689 3066 c-15 -9 -33 -30 -42 -48 -48 -103 -147 -355 -147 -375 0 -98 131 -148 192 -74 13 15 57 108 97 206 80 196 84 226 37 273 -30 30 -99 39 -137 18z\"\/><path d=\"M583 2784 c-38 -19 -67 -74 -58 -113 9 -42 211 -354 242 -373 16 -10 45 -18 66 -18 51 0 107 52 107 100 0 39 -1 41 -124 234 -80 126 -108 162 -133 173 -41 17 -61 16 -100 -3z\"\/><path d=\"M4250 2784 c-14 -9 -74 -91 -133 -183 -95 -150 -107 -173 -107 -213 0 -55 33 -94 87 -104 67 -13 90 8 211 198 130 202 137 225 78 284 -27 27 -42 34 -72 34 -22 0 -50 -8 -64 -16z\"\/><path d=\"M2275 2693 c-553 -48 -1095 -270 -1585 -649 -135 -104 -459 -423 -483 -476 -23 -49 -22 -139 2 -186 73 -142 361 -457 571 -626 285 -228 642 -407 990 -497 242 -63 336 -73 660 -74 310 0 370 5 595 52 535 111 1045 392 1455 803 122 121 250 273 275 326 19 41 19 137 0 174 -41 79 -309 363 -465 492 -447 370 -946 591 -1479 653 -113 14 -422 18 -536 8z m395 -428 c171 -34 330 -124 456 -258 112 -119 167 -219 211 -378 27 -96 24 -300 -5 -401 -72 -255 -236 -447 -474 -557 -132 -62 -201 -76 -368 -76 -167 0 -236 14 -368 76 -213 98 -373 271 -451 485 -162 444 86 934 547 1084 153 49 292 57 452 25z m909 -232 c222 -123 408 -262 593 -441 76 -74 138 -139 138 -144 0 -16 -233 -242 -330 -319 -155 -123 -309 -223 -461 -299 l-81 -41 32 46 c18 26 49 83 70 128 143 306 141 649 -6 957 -25 52 -61 116 -79 142 l-34 47 45 -20 c26 -10 76 -36 113 -56z m-2057 25 c-40 -58 -105 -190 -130 -263 -110 -324 -59 -707 132 -981 25 -35 42 -64 37 -64 -19 0 -241 119 -326 174 -188 122 -406 314 -532 468 l-58 71 108 103 c185 178 428 349 672 473 66 33 121 60 123 61 2 0 -10 -19 -26 -42z\"\/><path d=\"M2375 1950 c-198 -44 -350 -190 -395 -379 -18 -76 -8 -221 19 -290 114 -284 457 -406 731 -260 98 52 188 154 231 260 27 69 37 214 19 290 -38 163 -166 304 -326 360 -67 23 -215 33 -279 19z\"\/><\/g><\/svg><\/i> <img decoding=\"async\" width=\"16\" height=\"16\" alt=\"Loading\" src=\"https:\/\/www.coatit.pt\/wp-content\/plugins\/page-views-count\/ajax-loader-2x.gif\" border=0 \/><\/p>\n<div class=\"pvc_clear\"><\/div>\n","protected":false},"author":1,"featured_media":991,"parent":0,"menu_order":0,"comment_status":"closed","ping_status":"closed","template":"","meta":{"site-sidebar-layout":"no-sidebar","site-content-layout":"page-builder","ast-site-content-layout":"full-width-container","site-content-style":"unboxed","site-sidebar-style":"unboxed","ast-global-header-display":"","ast-banner-title-visibility":"","ast-main-header-display":"","ast-hfb-above-header-display":"","ast-hfb-below-header-display":"","ast-hfb-mobile-header-display":"","site-post-title":"disabled","ast-breadcrumbs-content":"","ast-featured-img":"disabled","footer-sml-layout":"","ast-disable-related-posts":"","theme-transparent-header-meta":"enabled","adv-header-id-meta":"","stick-header-meta":"","header-above-stick-meta":"","header-main-stick-meta":"","header-below-stick-meta":"","astra-migrate-meta-layouts":"set","ast-page-background-enabled":"default","ast-page-background-meta":{"desktop":{"background-color":"","background-image":"","background-repeat":"repeat","background-position":"center center","background-size":"auto","background-attachment":"scroll","background-type":"","background-media":"","overlay-type":"","overlay-color":"","overlay-opacity":"","overlay-gradient":""},"tablet":{"background-color":"","background-image":"","background-repeat":"repeat","background-position":"center center","background-size":"auto","background-attachment":"scroll","background-type":"","background-media":"","overlay-type":"","overlay-color":"","overlay-opacity":"","overlay-gradient":""},"mobile":{"background-color":"","background-image":"","background-repeat":"repeat","background-position":"center center","background-size":"auto","background-attachment":"scroll","background-type":"","background-media":"","overlay-type":"","overlay-color":"","overlay-opacity":"","overlay-gradient":""}},"ast-content-background-meta":{"desktop":{"background-color":"var(--ast-global-color-5)","background-image":"","background-repeat":"repeat","background-position":"center center","background-size":"auto","background-attachment":"scroll","background-type":"","background-media":"","overlay-type":"","overlay-color":"","overlay-opacity":"","overlay-gradient":""},"tablet":{"background-color":"var(--ast-global-color-5)","background-image":"","background-repeat":"repeat","background-position":"center center","background-size":"auto","background-attachment":"scroll","background-type":"","background-media":"","overlay-type":"","overlay-color":"","overlay-opacity":"","overlay-gradient":""},"mobile":{"background-color":"var(--ast-global-color-5)","background-image":"","background-repeat":"repeat","background-position":"center center","background-size":"auto","background-attachment":"scroll","background-type":"","background-media":"","overlay-type":"","overlay-color":"","overlay-opacity":"","overlay-gradient":""}},"footnotes":""},"class_list":["post-6","page","type-page","status-publish","has-post-thumbnail","hentry"],"a3_pvc":{"activated":true,"total_views":543,"today_views":0},"_links":{"self":[{"href":"https:\/\/www.coatit.pt\/index.php?rest_route=\/wp\/v2\/pages\/6","targetHints":{"allow":["GET"]}}],"collection":[{"href":"https:\/\/www.coatit.pt\/index.php?rest_route=\/wp\/v2\/pages"}],"about":[{"href":"https:\/\/www.coatit.pt\/index.php?rest_route=\/wp\/v2\/types\/page"}],"author":[{"embeddable":true,"href":"https:\/\/www.coatit.pt\/index.php?rest_route=\/wp\/v2\/users\/1"}],"replies":[{"embeddable":true,"href":"https:\/\/www.coatit.pt\/index.php?rest_route=%2Fwp%2Fv2%2Fcomments&post=6"}],"version-history":[{"count":655,"href":"https:\/\/www.coatit.pt\/index.php?rest_route=\/wp\/v2\/pages\/6\/revisions"}],"predecessor-version":[{"id":1756,"href":"https:\/\/www.coatit.pt\/index.php?rest_route=\/wp\/v2\/pages\/6\/revisions\/1756"}],"wp:featuredmedia":[{"embeddable":true,"href":"https:\/\/www.coatit.pt\/index.php?rest_route=\/wp\/v2\/media\/991"}],"wp:attachment":[{"href":"https:\/\/www.coatit.pt\/index.php?rest_route=%2Fwp%2Fv2%2Fmedia&parent=6"}],"curies":[{"name":"wp","href":"https:\/\/api.w.org\/{rel}","templated":true}]}}